{"id":7,"date":"2020-10-06T21:26:33","date_gmt":"2020-10-06T21:26:33","guid":{"rendered":"https:\/\/certidao.adv.br\/certidao\/?page_id=7"},"modified":"2020-10-06T21:42:10","modified_gmt":"2020-10-06T21:42:10","slug":"sobre","status":"publish","type":"page","link":"https:\/\/certidao.adv.br\/certidao\/sobre\/","title":{"rendered":"TIPO DE CERTID\u00d5ES"},"content":{"rendered":"\n<p><strong>CONFIRA MAIS ALGUMAS CERTID\u00d5ES QUE ARRECADAMOS<\/strong><\/p>\n\n\n\n<p><strong>\u2022 Certid\u00e3o de Objeto e P\u00e9<\/strong><a href=\"https:\/\/www.certidao.adv.br\/solicitar-certidoes.html\">&nbsp;&#8211; Solicite pelo Formul\u00e1rio R\u00e1pido<\/a><br>Informa\u00e7\u00f5es e esclarecimentos sobre os Processos C\u00edveis, Criminais, Trabalhistas, Protestos e etc..<\/p>\n\n\n\n<p><strong>\u2022 Assessoria na Documenta\u00e7\u00e3o Im\u00f3bili\u00e1ria &#8211; Pacote Venda de Im\u00f3veis<\/strong><a href=\"https:\/\/www.certidao.adv.br\/solicitar-certidoes.html\">&nbsp;&#8211; Solicite pelo Formul\u00e1rio R\u00e1pido<\/a><br>Atuando na arrecada\u00e7\u00e3o de Certid\u00f5es e orienta\u00e7\u00e3o da documenta\u00e7\u00e3o para Cr\u00e9dito Imobili\u00e1rio Banc\u00e1rio.<\/p>\n\n\n\n<p><strong>\u2022 2\u00aa Vias de Certid\u00e3o de Nascimneto e Certid\u00e3o de Casamento<\/strong><a href=\"https:\/\/www.certidao.adv.br\/solicitar-certidoes.html\">&nbsp;&#8211; Solicite pelo Formul\u00e1rio R\u00e1pido<\/a><br>Cart\u00f3rios de Registro Civil.<\/p>\n\n\n\n<p><strong>\u2022 Certid\u00e3o dos Cart\u00f3rios de Protesto de sua Cidade<\/strong><a href=\"https:\/\/www.certidao.adv.br\/solicitar-certidoes.html\">&nbsp;&#8211; Solicite pelo Formul\u00e1rio R\u00e1pido<\/a><br>Certid\u00e3o dos 10 cart\u00f3rios de Protesto da cidade de S\u00e3o Paulo, Campinas e demais Cidades.<\/p>\n\n\n\n<p><strong>\u2022 Certid\u00e3o do Distribuidor C\u00edvel<\/strong><a href=\"https:\/\/www.certidao.adv.br\/solicitar-certidoes.html\">&nbsp;&#8211; Solicite pelo Formul\u00e1rio R\u00e1pido<\/a><br>Certid\u00e3o de Distribui\u00e7\u00e3o de A\u00e7\u00f5es C\u00edveis e de Fam\u00edlia, Certid\u00e3o de Executivos Fiscais, Municipais e Estaduais, Certid\u00e3o Fal\u00eancia e Concordata.<\/p>\n\n\n\n<p><strong>\u2022 Certid\u00e3o do Distribuidor Criminal<\/strong><a href=\"https:\/\/www.certidao.adv.br\/solicitar-certidoes.html\">\u00a0&#8211; Solicite pelo Formul\u00e1rio R\u00e1pido<\/a><br>Certid\u00e3o de Distribui\u00e7\u00f5es Criminais, Certid\u00f5es de Execu\u00e7\u00f5es Criminais.<\/p>\n\n\n\n<p><strong>\u2022 Junta Comercial SP \u2013 JUCESP e outros Estados<\/strong><a href=\"https:\/\/www.certidao.adv.br\/solicitar-certidoes.html\">&nbsp;&#8211; Solicite pelo Formul\u00e1rio R\u00e1pido<\/a><br>Certid\u00e3o de Intero Teor, Certid\u00e3o Simplificada, Ficha de Breve Relato, Buscas e consulta de Nome, NIRE.<\/p>\n\n\n\n<p><strong>\u2022 Certid\u00e3o da Justi\u00e7a do Trabalho<\/strong><a href=\"https:\/\/www.certidao.adv.br\/solicitar-certidoes.html\">&nbsp;&#8211; Solicite pelo Formul\u00e1rio R\u00e1pido<\/a><br>Certid\u00e3o de Processos Trabalhistas para pessoa F\u00edsica e Pessoa Jur\u00eddica, Certid\u00e3o de Objeto e P\u00e9 (esclarecimento).<\/p>\n\n\n\n<p><strong>\u2022 Certid\u00e3o da Justi\u00e7a Federal do Estado de S\u00e3o Paulo<\/strong><a href=\"https:\/\/www.certidao.adv.br\/solicitar-certidoes.html\">&nbsp;&#8211; Solicite pelo Formul\u00e1rio R\u00e1pido<\/a><br>Certid\u00e3o de Distribui\u00e7\u00f5es C\u00edveis, Criminais e Execu\u00e7\u00e3o Fiscal Federal de 1 Grau<\/p>\n\n\n\n<p><strong>\u2022 Certid\u00e3o nas Prefeituras Municipais<\/strong><a href=\"https:\/\/www.certidao.adv.br\/solicitar-certidoes.html\">&nbsp;&#8211; Solicite pelo Formul\u00e1rio R\u00e1pido<\/a><br>Certid\u00e3o Negativa de Tributos Municipais do Im\u00f3vel (IPTU), Im\u00f3vel Rural (ITR), Certid\u00e3o de Valor Venal, Certid\u00e3o de impostos municipais.<\/p>\n\n\n\n<p><strong>\u2022 Certid\u00e3o Atualizada da Matricula do Im\u00f3vel<\/strong><a href=\"https:\/\/www.certidao.adv.br\/solicitar-certidoes.html\">&nbsp;&#8211; Solicite pelo Formul\u00e1rio R\u00e1pido<\/a><br>Certid\u00f5es de Propriedade, Vinten\u00e1rias, Registros e Averba\u00e7\u00f5es de Escrituras em geral, Busca em todos cart\u00f3rios para localiza\u00e7\u00e3o im\u00f3veis.<\/p>\n\n\n\n<p><strong>\u2022 Secretaria da Receita Federal (CND Conjunta)<\/strong><a href=\"https:\/\/www.certidao.adv.br\/solicitar-certidoes.html\">&nbsp;&#8211; Solicite pelo Formul\u00e1rio R\u00e1pido<\/a><br>ITR \u2013 Imposto de Territ\u00f3rio Rural, Certid\u00f5es de Tributos e contribui\u00e7\u00f5es Federais Pessoa Jur\u00eddica, Pessoa F\u00edsica.<\/p>\n\n\n\n<p><strong>NOMENCLATURAS MAIS USADAS NA BUSCA DE CERTID\u00d5ES<\/strong><\/p>\n\n\n\n<p>Certid\u00e3o em S\u00e3o Paulo, Certid\u00e3o criminal, certid\u00f5es negativas, certid\u00e3o inss, certid\u00f5es on line, certid\u00f5es criminais, certid\u00f5es negativas da justi\u00e7a federal, certid\u00f5es fgts, certid\u00f5es justi\u00e7a federal, 10 cart\u00f3rios de protesto da capital de s\u00e3o paulo, certid\u00f5es em Jundia\u00ed, Certid\u00e3o em Campinas, Certid\u00e3o negativa, civel, criminal rio de janeiro, rj, concursados, concurso publico, Certid\u00e3o, certid\u00f5es, negativa, civel, criminal, protesto, cart\u00f3rio, cartorio, distribuidor, criminal, propriedade, executivos, fiscais, fiscal, executivo, vinten\u00e1ria, vintenaria, objeto e p\u00e9, objeto e pe.<\/p>\n\n\n\n<figure class=\"wp-block-image\"><a href=\"https:\/\/www.certidao.adv.br\/solicitar-certidoes.html\"><img src=\"https:\/\/www.certidao.adv.br\/solicite_certidoes.jpg\" alt=\"\"\/><\/a><\/figure>\n\n\n\n<figure class=\"wp-block-table\"><table><tbody><tr><td><a href=\"https:\/\/www.facebook.com\/www.certidao.adv.br\" target=\"_blank\" rel=\"noreferrer noopener\"><\/a><\/td><\/tr><\/tbody><\/table><\/figure>\n\n\n\n<p>CERTID\u00c3O ADV &#8211; Certid\u00f5es Urgentes no Brasil \u00ae&nbsp;Todos Direitos Reservados &#8211; 2005\/2020<br><br>Atendimento Exclusivo Pela Internet: (11) 4497.1701<br><br><br><a href=\"https:\/\/www.certidao.adv.br\/index.html\">P\u00e1gina Inicial<\/a>&nbsp;|&nbsp;<a href=\"https:\/\/www.certidao.adv.br\/solicitar-certidoes.html\">Solicitar Certid\u00f5es<\/a>&nbsp;|&nbsp;<a href=\"https:\/\/www.certidao.adv.br\/contato.html\">Contato 11| 4497.1701<\/a><br><\/p>\n","protected":false},"excerpt":{"rendered":"<p>CONFIRA MAIS ALGUMAS CERTID\u00d5ES QUE ARRECADAMOS \u2022 Certid\u00e3o de Objeto e P\u00e9&nbsp;&#8211; Solicite pelo Formul\u00e1rio R\u00e1pidoInforma\u00e7\u00f5es e esclarecimentos sobre os Processos C\u00edveis, Criminais, Trabalhistas, Protestos e etc.. \u2022 Assessoria na Documenta\u00e7\u00e3o Im\u00f3bili\u00e1ria &#8211; Pacote Venda de Im\u00f3veis&nbsp;&#8211; Solicite pelo Formul\u00e1rio R\u00e1pidoAtuando na arrecada\u00e7\u00e3o de Certid\u00f5es e orienta\u00e7\u00e3o da documenta\u00e7\u00e3o para Cr\u00e9dito Imobili\u00e1rio Banc\u00e1rio. \u2022 2\u00aa [&hellip;]<\/p>\n","protected":false},"author":1,"featured_media":0,"parent":0,"menu_order":0,"comment_status":"closed","ping_status":"closed","template":"","meta":[],"_links":{"self":[{"href":"https:\/\/certidao.adv.br\/certidao\/wp-json\/wp\/v2\/pages\/7"}],"collection":[{"href":"https:\/\/certidao.adv.br\/certidao\/wp-json\/wp\/v2\/pages"}],"about":[{"href":"https:\/\/certidao.adv.br\/certidao\/wp-json\/wp\/v2\/types\/page"}],"author":[{"embeddable":true,"href":"https:\/\/certidao.adv.br\/certidao\/wp-json\/wp\/v2\/users\/1"}],"replies":[{"embeddable":true,"href":"https:\/\/certidao.adv.br\/certidao\/wp-json\/wp\/v2\/comments?post=7"}],"version-history":[{"count":2,"href":"https:\/\/certidao.adv.br\/certidao\/wp-json\/wp\/v2\/pages\/7\/revisions"}],"predecessor-version":[{"id":33,"href":"https:\/\/certidao.adv.br\/certidao\/wp-json\/wp\/v2\/pages\/7\/revisions\/33"}],"wp:attachment":[{"href":"https:\/\/certidao.adv.br\/certidao\/wp-json\/wp\/v2\/media?parent=7"}],"curies":[{"name":"wp","href":"https:\/\/api.w.org\/{rel}","templated":true}]}}